{"id":735,"date":"2021-10-16T04:31:56","date_gmt":"2021-10-16T04:31:56","guid":{"rendered":"http:\/\/z.commonsupport.com\/scubo\/?page_id=735"},"modified":"2025-05-01T14:53:09","modified_gmt":"2025-05-01T11:53:09","slug":"hakkimizda","status":"publish","type":"page","link":"https:\/\/www.kayserizamantikano.com\/index.php\/hakkimizda\/","title":{"rendered":"Hakk\u0131m\u0131zda"},"content":{"rendered":"\t\t<div data-elementor-type=\"wp-page\" data-elementor-id=\"735\" class=\"elementor elementor-735\" data-elementor-post-type=\"page\">\n\t\t\t\t\t\t<section class=\"elementor-section elementor-top-section elementor-element elementor-element-bba2e00 elementor-section-boxed elementor-section-height-default elementor-section-height-default\" data-id=\"bba2e00\" data-element_type=\"section\">\n\t\t\t\t\t\t<div class=\"elementor-container elementor-column-gap-no\">\n\t\t\t\t\t<div class=\"elementor-column elementor-col-50 elementor-top-column elementor-element elementor-element-efd62f1\" data-id=\"efd62f1\" data-element_type=\"column\">\n\t\t\t<div class=\"elementor-widget-wrap elementor-element-populated\">\n\t\t\t\t\t\t<div class=\"elementor-element elementor-element-14dd208 elementor-widget elementor-widget-scubo_h1_about_left\" data-id=\"14dd208\" data-element_type=\"widget\" data-widget_type=\"scubo_h1_about_left.default\">\n\t\t\t\t<div class=\"elementor-widget-container\">\n\t\t\t\t\t\n\t\t<section class=\"cta-four one\">\n\t\t\t<div class=\"container\">\n\t\t\t\t<div class=\"row\">\n\t\t\t\t\t<div class=\"col-xl-12\">\n\t\t\t\t\t\t<div class=\"cta-four__image wow fadeInLeft\" data-wow-duration=\"1500ms\">\n\t\t\t\t\t\t\t   \n\t\t\t\t\t\t\t<img decoding=\"async\" src=\"https:\/\/www.kayserizamantikano.com\/wp-content\/uploads\/2025\/05\/about.jpg\" alt=\"\"\/>\n\t\t\t\t\t\t\t\t\t\t\t\t\t\t<div class=\"cta-four__image-content\">\n\t\t\t\t\t\t\t\t<i class=\"scubo-icon-scuba-diving\"><\/i>\n\t\t\t\t\t\t\t\t<p>20<\/p>\n\t\t\t\t\t\t\t\t<h3>Y\u0131ll\u0131k <br> Tecr\u00fcbe<\/h3>\n\t\t\t\t\t\t\t<\/div><!-- \/.cta-four__image-content -->\n\t\t\t\t\t\t<\/div><!-- \/.cta-four__image -->\n\t\t\t\t\t<\/div><!-- \/.col-lg-6 -->\n\t\t\t\t<\/div><!-- \/.row -->\n\t\t\t<\/div><!-- \/.container -->\n\t\t<\/section><!-- \/.cta-four -->\n            \n\t\t\t\t\t\t<\/div>\n\t\t\t\t<\/div>\n\t\t\t\t\t<\/div>\n\t\t<\/div>\n\t\t\t\t<div class=\"elementor-column elementor-col-50 elementor-top-column elementor-element elementor-element-0e7b99e\" data-id=\"0e7b99e\" data-element_type=\"column\">\n\t\t\t<div class=\"elementor-widget-wrap elementor-element-populated\">\n\t\t\t\t\t\t<div class=\"elementor-element elementor-element-c07167b elementor-widget elementor-widget-scubo_h1_about_right\" data-id=\"c07167b\" data-element_type=\"widget\" data-widget_type=\"scubo_h1_about_right.default\">\n\t\t\t\t<div class=\"elementor-widget-container\">\n\t\t\t\t\t\n\t\t<section class=\"cta-four two\">\n\t\t\t<div class=\"container\">\n\t\t\t\t<div class=\"row\">\n\t\t\t\t\t<div class=\"col-xl-12\">\n\t\t\t\t\t\t\t\t\t\t\t\t<div class=\"cta-four__content\">\n\t\t\t\t\t\t\t<div class=\"block-title text-left\">\n\t\t\t\t\t\t\t\t   \n\t\t\t\t\t\t\t\t<img decoding=\"async\" src=\"https:\/\/www.kayserizamantikano.com\/wp-content\/uploads\/2021\/04\/sec-line-1.png\" alt=\"\"\/>\n\t\t\t\t\t\t\t\t\t\t\t\t\t\t\t\t<p class=\"text-uppercase\">Hakk\u0131m\u0131zda<\/p>\n\t\t\t\t\t\t\t\t<h3 class=\"text-uppercase\">Profesyonellik, G\u00fcvenlik ve Do\u011fal Deneyim<\/h3>\n\t\t\t\t\t\t\t<\/div><!-- \/.block-title -->\n\t\t\t\t\t\t\t<p>Zamant\u0131 Kano, Kayseri'nin e\u015fsiz do\u011fa miraslar\u0131ndan biri olan Zamant\u0131 Irma\u011f\u0131'nda profesyonel ve g\u00fcvenli kano turlar\u0131 d\u00fczenlemek amac\u0131yla kurulmu\u015ftur.\nDo\u011faya duydu\u011fumuz sayg\u0131, g\u00fcvenli\u011fe verdi\u011fimiz \u00f6nem ve her kat\u0131l\u0131mc\u0131ya \u00f6zel yakla\u015f\u0131m\u0131m\u0131zla k\u0131sa s\u00fcrede b\u00f6lgenin \u00f6nc\u00fc do\u011fa aktivite merkezlerinden biri h\u00e2line geldik.\n\nAmac\u0131m\u0131z, sadece kano yapmak de\u011fil \u2014 insanlar\u0131n do\u011fayla yeniden ba\u011f kurmas\u0131n\u0131 sa\u011flamak.\nHer ya\u015ftan ve her seviyeden kat\u0131l\u0131mc\u0131ya uygun rotalar\u0131m\u0131z, deneyimli rehber kadromuz ve kaliteli ekipmanlar\u0131m\u0131zla sizlere sadece bir spor de\u011fil, bir do\u011fa deneyimi sunuyoruz.\n\nKano bizim i\u00e7in bir tur de\u011fil, bir ya\u015fam bi\u00e7imi.\nSizi de bu yolculu\u011fa davet ediyoruz: Zamant\u0131 Irma\u011f\u0131\u2019n\u0131n huzur veren sular\u0131nda kendinize yeniden zaman ay\u0131r\u0131n.<\/p>\n\t\t\t\t\t\t\t\t\t\t\t\t\t<\/div><!-- \/.cta-four__content -->\n\t\t\t\t\t\t\t\t\t\t\t<\/div><!-- \/.col-lg-6 -->\n\t\t\t\t<\/div><!-- \/.row -->\n\t\t\t<\/div><!-- \/.container -->\n\t\t<\/section><!-- \/.cta-four -->\n            \n\t\t\t\t\t\t<\/div>\n\t\t\t\t<\/div>\n\t\t\t\t\t<\/div>\n\t\t<\/div>\n\t\t\t\t\t<\/div>\n\t\t<\/section>\n\t\t\t\t<\/div>\n\t\t","protected":false},"excerpt":{"rendered":"<p>20 Y\u0131ll\u0131k Tecr\u00fcbe Hakk\u0131m\u0131zda Profesyonellik, G\u00fcvenlik ve Do\u011fal Deneyim Zamant\u0131 Kano, Kayseri&#8217;nin e\u015fsiz do\u011fa miraslar\u0131ndan biri olan Zamant\u0131 Irma\u011f\u0131&#8217;nda profesyonel ve g\u00fcvenli kano turlar\u0131 d\u00fczenlemek amac\u0131yla kurulmu\u015ftur. Do\u011faya duydu\u011fumuz sayg\u0131, g\u00fcvenli\u011fe verdi\u011fimiz \u00f6nem ve her kat\u0131l\u0131mc\u0131ya \u00f6zel yakla\u015f\u0131m\u0131m\u0131zla k\u0131sa s\u00fcrede b\u00f6lgenin \u00f6nc\u00fc do\u011fa aktivite merkezlerinden biri h\u00e2line geldik. Amac\u0131m\u0131z, sadece kano yapmak de\u011fil \u2014 insanlar\u0131n [&hellip;]<\/p>\n","protected":false},"author":1,"featured_media":0,"parent":0,"menu_order":0,"comment_status":"closed","ping_status":"closed","template":"tpl-default-elementor.php","meta":{"footnotes":""},"class_list":["post-735","page","type-page","status-publish","hentry"],"_links":{"self":[{"href":"https:\/\/www.kayserizamantikano.com\/index.php\/wp-json\/wp\/v2\/pages\/735","targetHints":{"allow":["GET"]}}],"collection":[{"href":"https:\/\/www.kayserizamantikano.com\/index.php\/wp-json\/wp\/v2\/pages"}],"about":[{"href":"https:\/\/www.kayserizamantikano.com\/index.php\/wp-json\/wp\/v2\/types\/page"}],"author":[{"embeddable":true,"href":"https:\/\/www.kayserizamantikano.com\/index.php\/wp-json\/wp\/v2\/users\/1"}],"replies":[{"embeddable":true,"href":"https:\/\/www.kayserizamantikano.com\/index.php\/wp-json\/wp\/v2\/comments?post=735"}],"version-history":[{"count":5,"href":"https:\/\/www.kayserizamantikano.com\/index.php\/wp-json\/wp\/v2\/pages\/735\/revisions"}],"predecessor-version":[{"id":1344,"href":"https:\/\/www.kayserizamantikano.com\/index.php\/wp-json\/wp\/v2\/pages\/735\/revisions\/1344"}],"wp:attachment":[{"href":"https:\/\/www.kayserizamantikano.com\/index.php\/wp-json\/wp\/v2\/media?parent=735"}],"curies":[{"name":"wp","href":"https:\/\/api.w.org\/{rel}","templated":true}]}}