{"id":806,"date":"2021-10-16T05:32:28","date_gmt":"2021-10-16T05:32:28","guid":{"rendered":"http:\/\/z.commonsupport.com\/scubo\/?page_id=806"},"modified":"2025-05-01T14:59:17","modified_gmt":"2025-05-01T11:59:17","slug":"blog-block","status":"publish","type":"page","link":"https:\/\/www.kayserizamantikano.com\/index.php\/blog-block\/","title":{"rendered":"Blog Block"},"content":{"rendered":"\t\t<div data-elementor-type=\"wp-page\" data-elementor-id=\"806\" class=\"elementor elementor-806\" data-elementor-post-type=\"page\">\n\t\t\t\t\t\t<section class=\"elementor-section elementor-top-section elementor-element elementor-element-6ceab7c elementor-section-full_width elementor-section-height-default elementor-section-height-default\" data-id=\"6ceab7c\" data-element_type=\"section\">\n\t\t\t\t\t\t<div class=\"elementor-container elementor-column-gap-no\">\n\t\t\t\t\t<div class=\"elementor-column elementor-col-100 elementor-top-column elementor-element elementor-element-8781536\" data-id=\"8781536\" data-element_type=\"column\">\n\t\t\t<div class=\"elementor-widget-wrap elementor-element-populated\">\n\t\t\t\t\t\t<div class=\"elementor-element elementor-element-c5bba05 elementor-widget elementor-widget-scubo_h1_blog\" data-id=\"c5bba05\" data-element_type=\"widget\" data-widget_type=\"scubo_h1_blog.default\">\n\t\t\t\t<div class=\"elementor-widget-container\">\n\t\t\t\t\t\n\n        <section class=\"blog-one blog-one__home-one \" style=\"background-image: url(https:\/\/www.kayserizamantikano.com\/wp-content\/uploads\/2021\/04\/about-brand-team-bg.png);\">\n\t\t\n            <div class=\"container\">\n\t\t\t\t                <div class=\"block-title text-center\">\n\t\t\t\t\t<img decoding=\"async\" src=\"https:\/\/www.kayserizamantikano.com\/wp-content\/uploads\/2021\/04\/sec-line-1.png\" alt=\"\"\/>\n                    <p class=\"text-uppercase\">\u0130lginizi \u00c7ekebilecek<\/p>\n                    <h3 class=\"text-uppercase\">Bloglar\u0131m\u0131z<\/h3>\n                <\/div><!-- \/.block-title -->\n\t\t\t\t                <div class=\"row\">\n\t\t\t\t\t                    <div class=\"col-lg-4 col-md-12\">\n                        <div class=\"blog-one__single\">\n                            <div class=\"blog-one__image\">\n                                <a href=\"https:\/\/www.kayserizamantikano.com\/index.php\/2025\/05\/01\/kano-yapmadan-once-bilmeniz-gereken-her-sey\/\" class=\"blog-one__date\">1 May\u0131s 2025<\/a>\n                                <div class=\"blog-one__image-inner\">\n                                    <img decoding=\"async\" src=\"https:\/\/www.kayserizamantikano.com\/wp-content\/uploads\/2025\/05\/blog3.jpg\" alt=\"\">\n                                    <a href=\"https:\/\/www.kayserizamantikano.com\/index.php\/2025\/05\/01\/kano-yapmadan-once-bilmeniz-gereken-her-sey\/\"><i class=\"scubo-icon-plus-symbol\"><\/i><\/a>\n                                <\/div><!-- \/.blog-one__image-inner -->\n                            <\/div><!-- \/.blog-one__image -->\n                            <div class=\"blog-one__content\">\n                                <h3><a href=\"https:\/\/www.kayserizamantikano.com\/index.php\/2025\/05\/01\/kano-yapmadan-once-bilmeniz-gereken-her-sey\/\">Kano Yapmadan \u00d6nce Bilmeniz Gereken Her \u015eey<\/a><\/h3>\n                                <p>Do\u011fayla ba\u015f ba\u015fa, sakin ama bir o kadar da etkileyici bir macera ar\u0131yorsan\u0131z, rotan\u0131z\u0131 Zamant\u0131 Irma\u011f\u0131\u2019na \u00e7evirmenin zaman\u0131 geldi. Kayseri\u2019nin ...<\/p>\n                                <div class=\"blog-one__meta\">\n                                    <a href=\"https:\/\/www.kayserizamantikano.com\/index.php\/author\/zamantikano\/\"><i class=\"far fa-user-circle\"><\/i> Zamant\u0131 Kano<\/a>\n                                    <a href=\"https:\/\/www.kayserizamantikano.com\/index.php\/2025\/05\/01\/kano-yapmadan-once-bilmeniz-gereken-her-sey\/\"><i class=\"far fa-comments\"><\/i> Yorum yap\u0131lmam\u0131\u015f<\/a>\n                                <\/div><!-- \/.blog-one__meta -->\n                            <\/div><!-- \/.blog-one__content -->\n                        <\/div><!-- \/.blog-one__single -->\n                    <\/div><!-- \/.col-lg-4 col-md-12 -->\n\t\t\t\t\t                    <div class=\"col-lg-4 col-md-12\">\n                        <div class=\"blog-one__single\">\n                            <div class=\"blog-one__image\">\n                                <a href=\"https:\/\/www.kayserizamantikano.com\/index.php\/2025\/05\/01\/suyun-ritminde-zamanti-irmaginda-bir-gun\/\" class=\"blog-one__date\">1 May\u0131s 2025<\/a>\n                                <div class=\"blog-one__image-inner\">\n                                    <img decoding=\"async\" src=\"https:\/\/www.kayserizamantikano.com\/wp-content\/uploads\/2025\/05\/blog2.jpg\" alt=\"\">\n                                    <a href=\"https:\/\/www.kayserizamantikano.com\/index.php\/2025\/05\/01\/suyun-ritminde-zamanti-irmaginda-bir-gun\/\"><i class=\"scubo-icon-plus-symbol\"><\/i><\/a>\n                                <\/div><!-- \/.blog-one__image-inner -->\n                            <\/div><!-- \/.blog-one__image -->\n                            <div class=\"blog-one__content\">\n                                <h3><a href=\"https:\/\/www.kayserizamantikano.com\/index.php\/2025\/05\/01\/suyun-ritminde-zamanti-irmaginda-bir-gun\/\">Suyun Ritminde: Zamant\u0131 Irma\u011f\u0131\u2019nda Bir G\u00fcn<\/a><\/h3>\n                                <p>Sabah\u0131n ilk \u0131\u015f\u0131klar\u0131yla uyanan do\u011fa&#8230; Hava serin, ku\u015f sesleri \u00e7evreni sar\u0131yor. Kayseri\u2019nin Yahyal\u0131 il\u00e7esine ad\u0131m att\u0131\u011f\u0131nda, \u015fehrin g\u00fcr\u00fclt\u00fcs\u00fc yerini \u0131rma\u011f\u0131n ...<\/p>\n                                <div class=\"blog-one__meta\">\n                                    <a href=\"https:\/\/www.kayserizamantikano.com\/index.php\/author\/zamantikano\/\"><i class=\"far fa-user-circle\"><\/i> Zamant\u0131 Kano<\/a>\n                                    <a href=\"https:\/\/www.kayserizamantikano.com\/index.php\/2025\/05\/01\/suyun-ritminde-zamanti-irmaginda-bir-gun\/\"><i class=\"far fa-comments\"><\/i> Yorum yap\u0131lmam\u0131\u015f<\/a>\n                                <\/div><!-- \/.blog-one__meta -->\n                            <\/div><!-- \/.blog-one__content -->\n                        <\/div><!-- \/.blog-one__single -->\n                    <\/div><!-- \/.col-lg-4 col-md-12 -->\n\t\t\t\t\t                    <div class=\"col-lg-4 col-md-12\">\n                        <div class=\"blog-one__single\">\n                            <div class=\"blog-one__image\">\n                                <a href=\"https:\/\/www.kayserizamantikano.com\/index.php\/2025\/05\/01\/zamanti-irmaginda-kano-yapmak-nasildir-2\/\" class=\"blog-one__date\">1 May\u0131s 2025<\/a>\n                                <div class=\"blog-one__image-inner\">\n                                    <img decoding=\"async\" src=\"https:\/\/www.kayserizamantikano.com\/wp-content\/uploads\/2021\/10\/blog.jpg\" alt=\"\">\n                                    <a href=\"https:\/\/www.kayserizamantikano.com\/index.php\/2025\/05\/01\/zamanti-irmaginda-kano-yapmak-nasildir-2\/\"><i class=\"scubo-icon-plus-symbol\"><\/i><\/a>\n                                <\/div><!-- \/.blog-one__image-inner -->\n                            <\/div><!-- \/.blog-one__image -->\n                            <div class=\"blog-one__content\">\n                                <h3><a href=\"https:\/\/www.kayserizamantikano.com\/index.php\/2025\/05\/01\/zamanti-irmaginda-kano-yapmak-nasildir-2\/\">Zamant\u0131 Irma\u011f\u0131nda Kano Yapmak Nas\u0131ld\u0131r?<\/a><\/h3>\n                                <p>Zamant\u0131 Irma\u011f\u0131, Kayseri\u2019nin Yahyal\u0131 il\u00e7esinde bulunan do\u011fal bir nehir yata\u011f\u0131d\u0131r. Bu b\u00f6lgede kano yapmak, do\u011fa sporlar\u0131yla ilgilenen herkes i\u00e7in huzurlu ...<\/p>\n                                <div class=\"blog-one__meta\">\n                                    <a href=\"https:\/\/www.kayserizamantikano.com\/index.php\/author\/zamantikano\/\"><i class=\"far fa-user-circle\"><\/i> Zamant\u0131 Kano<\/a>\n                                    <a href=\"https:\/\/www.kayserizamantikano.com\/index.php\/2025\/05\/01\/zamanti-irmaginda-kano-yapmak-nasildir-2\/\"><i class=\"far fa-comments\"><\/i> Yorum yap\u0131lmam\u0131\u015f<\/a>\n                                <\/div><!-- \/.blog-one__meta -->\n                            <\/div><!-- \/.blog-one__content -->\n                        <\/div><!-- \/.blog-one__single -->\n                    <\/div><!-- \/.col-lg-4 col-md-12 -->\n\t\t\t\t\t                <\/div><!-- \/.row -->\n            <\/div><!-- \/.container -->\n        <\/section><!-- \/.blog-one -->\n\t\t\n        \t\t\t\t<\/div>\n\t\t\t\t<\/div>\n\t\t\t\t\t<\/div>\n\t\t<\/div>\n\t\t\t\t\t<\/div>\n\t\t<\/section>\n\t\t\t\t<\/div>\n\t\t","protected":false},"excerpt":{"rendered":"<p>\u0130lginizi \u00c7ekebilecek Bloglar\u0131m\u0131z 1 May\u0131s 2025 Kano Yapmadan \u00d6nce Bilmeniz Gereken Her \u015eey Do\u011fayla ba\u015f ba\u015fa, sakin ama bir o kadar da etkileyici bir macera ar\u0131yorsan\u0131z, rotan\u0131z\u0131 Zamant\u0131 Irma\u011f\u0131\u2019na \u00e7evirmenin zaman\u0131 geldi. Kayseri\u2019nin sakl\u0131 g\u00fczelliklerinden biri olan bu do\u011fa harikas\u0131, son y\u0131llarda do\u011fa sporlar\u0131 tutkunlar\u0131n\u0131n g\u00f6zdesi h\u00e2line geldi.\u0130\u015fte yola \u00e7\u0131kmadan \u00f6nce bilmeniz gereken her \u015fey!\ud83d\udccc [&hellip;]<\/p>\n","protected":false},"author":1,"featured_media":0,"parent":0,"menu_order":0,"comment_status":"closed","ping_status":"closed","template":"tpl-default-elementor.php","meta":{"footnotes":""},"class_list":["post-806","page","type-page","status-publish","hentry"],"_links":{"self":[{"href":"https:\/\/www.kayserizamantikano.com\/index.php\/wp-json\/wp\/v2\/pages\/806","targetHints":{"allow":["GET"]}}],"collection":[{"href":"https:\/\/www.kayserizamantikano.com\/index.php\/wp-json\/wp\/v2\/pages"}],"about":[{"href":"https:\/\/www.kayserizamantikano.com\/index.php\/wp-json\/wp\/v2\/types\/page"}],"author":[{"embeddable":true,"href":"https:\/\/www.kayserizamantikano.com\/index.php\/wp-json\/wp\/v2\/users\/1"}],"replies":[{"embeddable":true,"href":"https:\/\/www.kayserizamantikano.com\/index.php\/wp-json\/wp\/v2\/comments?post=806"}],"version-history":[{"count":4,"href":"https:\/\/www.kayserizamantikano.com\/index.php\/wp-json\/wp\/v2\/pages\/806\/revisions"}],"predecessor-version":[{"id":1354,"href":"https:\/\/www.kayserizamantikano.com\/index.php\/wp-json\/wp\/v2\/pages\/806\/revisions\/1354"}],"wp:attachment":[{"href":"https:\/\/www.kayserizamantikano.com\/index.php\/wp-json\/wp\/v2\/media?parent=806"}],"curies":[{"name":"wp","href":"https:\/\/api.w.org\/{rel}","templated":true}]}}